{"id":3149,"date":"2024-04-24T12:32:26","date_gmt":"2024-04-24T10:32:26","guid":{"rendered":"https:\/\/forum-mechaniczne.pl\/portal\/?page_id=3149"},"modified":"2024-04-24T12:42:43","modified_gmt":"2024-04-24T10:42:43","slug":"kontakt","status":"publish","type":"page","link":"https:\/\/forum-mechaniczne.pl\/portal\/kontakt\/","title":{"rendered":"Kontakt"},"content":{"rendered":"\n<h1 class=\"wp-block-heading\">Kontakt z nami<\/h1>\n\n\n\n<p>Skontaktuj si\u0119 z nami, je\u015bli masz jakiekolwiek pytania lub w\u0105tpliwo\u015bci!<\/p>\n\n\n\n<h2 class=\"wp-block-heading\">Dane kontaktowe<\/h2>\n\n\n\n<p>Nasz zesp\u00f3\u0142 jest dost\u0119pny od poniedzia\u0142ku do pi\u0105tku, w godzinach 9:00 &#8211; 17:00.<\/p>\n\n\n\n<ul class=\"wp-block-list\">\n<li>Telefon: 693 162 250<\/li>\n\n\n\n<li>E-mail: <script type=\"text\/javascript\">\n        document.addEventListener('DOMContentLoaded', function() {\n            var user = 'redakcja';\n            var domain = 'forum-mechaniczne.pl';\n            var element = document.getElementById('emailLink');\n            element.href = 'mailto:' + user + '@' + domain;\n            element.textContent = user + '@' + domain;\n        });\n    <\/script>\n <a id=\"emailLink\" href=\"#\">Kontakt<\/a> <\/li>\n\n\n\n<li>Adres: Wa\u0142y Genera\u0142a J\u00f3zefa Dwernickiego 117, 42-202, Cz\u0119stochowa<\/li>\n<\/ul>\n\n\n\n<h2 class=\"wp-block-heading\">Do\u0142\u0105cz do naszego zespo\u0142u<\/h2>\n\n\n\n<p>Je\u017celi jeste\u015b zainteresowany wsp\u00f3\u0142prac\u0105, chcesz pisa\u0107 dla nas lub masz inne umiej\u0119tno\u015bci, kt\u00f3re mog\u0105 wzbogaci\u0107 nasz portal, skontaktuj si\u0119 z nami.<\/p>\n\n\n\n<p>Wy\u015blij swoje CV oraz kr\u00f3tki list motywacyjny na adres e-mail dost\u0119pny wy\u017cej! \ud83d\ude42<\/p>\n\n\n\n<h2 class=\"wp-block-heading\">O nas<\/h2>\n\n\n\n<p>Jeste\u015bmy zespo\u0142em pasjonat\u00f3w, kt\u00f3rzy ka\u017cdego dnia dostarczaj\u0105 warto\u015bciowe tre\u015bci swoim czytelnikom. Je\u015bli masz propozycje temat\u00f3w, kt\u00f3re chcia\u0142by\u015b zobaczy\u0107 na naszym portalu, nie wahaj si\u0119 ich przes\u0142a\u0107!<\/p>\n","protected":false},"excerpt":{"rendered":"<p>Kontakt z nami Skontaktuj si\u0119 z nami, je\u015bli masz jakiekolwiek pytania lub w\u0105tpliwo\u015bci! Dane kontaktowe Nasz zesp\u00f3\u0142 jest dost\u0119pny od poniedzia\u0142ku do pi\u0105tku, w godzinach 9:00 &#8211; 17:00. Do\u0142\u0105cz do naszego zespo\u0142u Je\u017celi jeste\u015b zainteresowany wsp\u00f3\u0142prac\u0105, chcesz pisa\u0107 dla nas lub masz inne umiej\u0119tno\u015bci, kt\u00f3re mog\u0105 wzbogaci\u0107 nasz portal, skontaktuj si\u0119 z nami. Wy\u015blij swoje [&hellip;]<\/p>\n","protected":false},"author":6,"featured_media":0,"parent":0,"menu_order":0,"comment_status":"closed","ping_status":"closed","template":"","meta":{"footnotes":""},"class_list":["post-3149","page","type-page","status-publish","hentry"],"yoast_head":"<!-- This site is optimized with the Yoast SEO plugin v27.5 - https:\/\/yoast.com\/product\/yoast-seo-wordpress\/ -->\n<title>Kontakt - Portal mechaniczny - samochody, nowo\u015bci, mechanika pojazdowa<\/title>\n<meta name=\"robots\" content=\"noindex, nofollow\" \/>\n<meta property=\"og:locale\" content=\"pl_PL\" \/>\n<meta property=\"og:type\" content=\"article\" \/>\n<meta property=\"og:title\" content=\"Kontakt - Portal mechaniczny - samochody, nowo\u015bci, mechanika pojazdowa\" \/>\n<meta property=\"og:description\" content=\"Kontakt z nami Skontaktuj si\u0119 z nami, je\u015bli masz jakiekolwiek pytania lub w\u0105tpliwo\u015bci! Dane kontaktowe Nasz zesp\u00f3\u0142 jest dost\u0119pny od poniedzia\u0142ku do pi\u0105tku, w godzinach 9:00 &#8211; 17:00. Do\u0142\u0105cz do naszego zespo\u0142u Je\u017celi jeste\u015b zainteresowany wsp\u00f3\u0142prac\u0105, chcesz pisa\u0107 dla nas lub masz inne umiej\u0119tno\u015bci, kt\u00f3re mog\u0105 wzbogaci\u0107 nasz portal, skontaktuj si\u0119 z nami. Wy\u015blij swoje [&hellip;]\" \/>\n<meta property=\"og:url\" content=\"https:\/\/forum-mechaniczne.pl\/portal\/kontakt\/\" \/>\n<meta property=\"og:site_name\" content=\"Portal mechaniczny - samochody, nowo\u015bci, mechanika pojazdowa\" \/>\n<meta property=\"article:modified_time\" content=\"2024-04-24T10:42:43+00:00\" \/>\n<meta name=\"twitter:card\" content=\"summary_large_image\" \/>\n<meta name=\"twitter:label1\" content=\"Szacowany czas czytania\" \/>\n\t<meta name=\"twitter:data1\" content=\"1 minuta\" \/>\n<script type=\"application\/ld+json\" class=\"yoast-schema-graph\">{\"@context\":\"https:\\\/\\\/schema.org\",\"@graph\":[{\"@type\":\"WebPage\",\"@id\":\"https:\\\/\\\/forum-mechaniczne.pl\\\/portal\\\/kontakt\\\/\",\"url\":\"https:\\\/\\\/forum-mechaniczne.pl\\\/portal\\\/kontakt\\\/\",\"name\":\"Kontakt - Portal mechaniczny - samochody, nowo\u015bci, mechanika pojazdowa\",\"isPartOf\":{\"@id\":\"https:\\\/\\\/forum-mechaniczne.pl\\\/portal\\\/#website\"},\"datePublished\":\"2024-04-24T10:32:26+00:00\",\"dateModified\":\"2024-04-24T10:42:43+00:00\",\"inLanguage\":\"pl-PL\",\"potentialAction\":[{\"@type\":\"ReadAction\",\"target\":[\"https:\\\/\\\/forum-mechaniczne.pl\\\/portal\\\/kontakt\\\/\"]}]},{\"@type\":\"WebSite\",\"@id\":\"https:\\\/\\\/forum-mechaniczne.pl\\\/portal\\\/#website\",\"url\":\"https:\\\/\\\/forum-mechaniczne.pl\\\/portal\\\/\",\"name\":\"Portal mechaniczny - samochody, nowo\u015bci, mechanika pojazdowa\",\"description\":\"Serdecznie zaprsazamy na nasz portal po\u015bwi\u0119cony mechanice samochodowej oraz motoryzacji i nasze forum: forum-mechaniczne.pl\",\"potentialAction\":[{\"@type\":\"SearchAction\",\"target\":{\"@type\":\"EntryPoint\",\"urlTemplate\":\"https:\\\/\\\/forum-mechaniczne.pl\\\/portal\\\/?s={search_term_string}\"},\"query-input\":{\"@type\":\"PropertyValueSpecification\",\"valueRequired\":true,\"valueName\":\"search_term_string\"}}],\"inLanguage\":\"pl-PL\"}]}<\/script>\n<!-- \/ Yoast SEO plugin. -->","yoast_head_json":{"title":"Kontakt - Portal mechaniczny - samochody, nowo\u015bci, mechanika pojazdowa","robots":{"index":"noindex","follow":"nofollow"},"og_locale":"pl_PL","og_type":"article","og_title":"Kontakt - Portal mechaniczny - samochody, nowo\u015bci, mechanika pojazdowa","og_description":"Kontakt z nami Skontaktuj si\u0119 z nami, je\u015bli masz jakiekolwiek pytania lub w\u0105tpliwo\u015bci! Dane kontaktowe Nasz zesp\u00f3\u0142 jest dost\u0119pny od poniedzia\u0142ku do pi\u0105tku, w godzinach 9:00 &#8211; 17:00. Do\u0142\u0105cz do naszego zespo\u0142u Je\u017celi jeste\u015b zainteresowany wsp\u00f3\u0142prac\u0105, chcesz pisa\u0107 dla nas lub masz inne umiej\u0119tno\u015bci, kt\u00f3re mog\u0105 wzbogaci\u0107 nasz portal, skontaktuj si\u0119 z nami. Wy\u015blij swoje [&hellip;]","og_url":"https:\/\/forum-mechaniczne.pl\/portal\/kontakt\/","og_site_name":"Portal mechaniczny - samochody, nowo\u015bci, mechanika pojazdowa","article_modified_time":"2024-04-24T10:42:43+00:00","twitter_card":"summary_large_image","twitter_misc":{"Szacowany czas czytania":"1 minuta"},"schema":{"@context":"https:\/\/schema.org","@graph":[{"@type":"WebPage","@id":"https:\/\/forum-mechaniczne.pl\/portal\/kontakt\/","url":"https:\/\/forum-mechaniczne.pl\/portal\/kontakt\/","name":"Kontakt - Portal mechaniczny - samochody, nowo\u015bci, mechanika pojazdowa","isPartOf":{"@id":"https:\/\/forum-mechaniczne.pl\/portal\/#website"},"datePublished":"2024-04-24T10:32:26+00:00","dateModified":"2024-04-24T10:42:43+00:00","inLanguage":"pl-PL","potentialAction":[{"@type":"ReadAction","target":["https:\/\/forum-mechaniczne.pl\/portal\/kontakt\/"]}]},{"@type":"WebSite","@id":"https:\/\/forum-mechaniczne.pl\/portal\/#website","url":"https:\/\/forum-mechaniczne.pl\/portal\/","name":"Portal mechaniczny - samochody, nowo\u015bci, mechanika pojazdowa","description":"Serdecznie zaprsazamy na nasz portal po\u015bwi\u0119cony mechanice samochodowej oraz motoryzacji i nasze forum: forum-mechaniczne.pl","potentialAction":[{"@type":"SearchAction","target":{"@type":"EntryPoint","urlTemplate":"https:\/\/forum-mechaniczne.pl\/portal\/?s={search_term_string}"},"query-input":{"@type":"PropertyValueSpecification","valueRequired":true,"valueName":"search_term_string"}}],"inLanguage":"pl-PL"}]}},"_links":{"self":[{"href":"https:\/\/forum-mechaniczne.pl\/portal\/wp-json\/wp\/v2\/pages\/3149","targetHints":{"allow":["GET"]}}],"collection":[{"href":"https:\/\/forum-mechaniczne.pl\/portal\/wp-json\/wp\/v2\/pages"}],"about":[{"href":"https:\/\/forum-mechaniczne.pl\/portal\/wp-json\/wp\/v2\/types\/page"}],"author":[{"embeddable":true,"href":"https:\/\/forum-mechaniczne.pl\/portal\/wp-json\/wp\/v2\/users\/6"}],"replies":[{"embeddable":true,"href":"https:\/\/forum-mechaniczne.pl\/portal\/wp-json\/wp\/v2\/comments?post=3149"}],"version-history":[{"count":1,"href":"https:\/\/forum-mechaniczne.pl\/portal\/wp-json\/wp\/v2\/pages\/3149\/revisions"}],"predecessor-version":[{"id":3150,"href":"https:\/\/forum-mechaniczne.pl\/portal\/wp-json\/wp\/v2\/pages\/3149\/revisions\/3150"}],"wp:attachment":[{"href":"https:\/\/forum-mechaniczne.pl\/portal\/wp-json\/wp\/v2\/media?parent=3149"}],"curies":[{"name":"wp","href":"https:\/\/api.w.org\/{rel}","templated":true}]}}