{"id":3135,"date":"2024-04-16T10:49:58","date_gmt":"2024-04-16T08:49:58","guid":{"rendered":"https:\/\/forum-mechaniczne.pl\/portal\/?page_id=3135"},"modified":"2024-04-16T10:49:59","modified_gmt":"2024-04-16T08:49:59","slug":"przewodnik-etyczny","status":"publish","type":"page","link":"https:\/\/forum-mechaniczne.pl\/portal\/przewodnik-etyczny\/","title":{"rendered":"Przewodnik Etyczny"},"content":{"rendered":"\n<p>Na Forum-Mechanicznym, d\u0105\u017cymy do utrzymania \u015brodowiska, w kt\u00f3rym zaufanie i uczciwo\u015b\u0107 le\u017c\u0105 u podstaw naszej kultury korporacyjnej.<\/p>\n\n\n<section id=\"mission_statement\">\n<h2>1. Deklaracja Misji<\/h2>\n<p>Niniejszy kodeks jest wyrazem naszej nieugi\u0119tej determinacji do post\u0119powania zgodnie z najwy\u017cszymi standardami etycznymi oraz naszej misji do bycia transparentnymi w ka\u017cdym aspekcie naszej dzia\u0142alno\u015bci.<\/p>\n<\/section>\n<section id=\"core_principles\">\n<h2>2. Zasady Podstawowe<\/h2>\n<p>Potwierdzamy swoje zaanga\u017cowanie w odpowiedzialno\u015b\u0107 spo\u0142eczn\u0105 i poszanowanie praw cz\u0142owieka jako nadrz\u0119dne warto\u015bci naszej organizacji.<\/p>\n<\/section>\n<section id=\"ethical_expectations\">\n<h2>3. Etyczne Oczekiwania<\/h2>\n<p>Przewodnik ten s\u0142u\u017cy jako kompas dla wszystkich pracownik\u00f3w, kieruj\u0105c ich w codziennych sytuacjach zawodowych i spo\u0142ecznych, z naciskiem na uczciwe i sprawiedliwe traktowanie wszystkich os\u00f3b.<\/p>\n<ul>\n<li style=\"list-style-type: none;\">\n<ul>\n<li>Czy moje dzia\u0142ania wspieraj\u0105 otwarto\u015b\u0107 i uczciwo\u015b\u0107?<\/li>\n<li>Czy zachowuj\u0119 pe\u0142n\u0105 transparentno\u015b\u0107 w mojej pracy?<\/li>\n<li>Czy moje decyzje s\u0105 wolne od osobistych interes\u00f3w?<\/li>\n<\/ul>\n<\/li>\n<\/ul>\n<p><!-- Dodatkowe pytania --><\/p>\n<\/section>\n<section id=\"compliance_with_laws\">\n<h2>4. Przestrzeganie przepis\u00f3w<\/h2>\n<p>Nasza firma zawsze stosuje si\u0119 do lokalnych i mi\u0119dzynarodowych przepis\u00f3w prawnych, co jest fundamentem naszej dzia\u0142alno\u015bci i pozwala na zr\u00f3wnowa\u017cony rozw\u00f3j.<\/p>\n<\/section>\n<section id=\"commitment_to_human_rights\">\n<h2>6. Zaanga\u017cowanie na rzecz praw cz\u0142owieka<\/h2>\n<p>Nieustannie pracujemy na rzecz ochrony i promowania praw cz\u0142owieka, co jest odzwierciedleniem naszej globalnej odpowiedzialno\u015bci jako przedsi\u0119biorstwa.<\/p>\n<\/section>","protected":false},"excerpt":{"rendered":"<p>Na Forum-Mechanicznym, d\u0105\u017cymy do utrzymania \u015brodowiska, w kt\u00f3rym zaufanie i uczciwo\u015b\u0107 le\u017c\u0105 u podstaw naszej kultury korporacyjnej. 1. Deklaracja Misji Niniejszy kodeks jest wyrazem naszej nieugi\u0119tej determinacji do post\u0119powania zgodnie z najwy\u017cszymi standardami etycznymi oraz naszej misji do bycia transparentnymi w ka\u017cdym aspekcie naszej dzia\u0142alno\u015bci. 2. Zasady Podstawowe Potwierdzamy swoje zaanga\u017cowanie w odpowiedzialno\u015b\u0107 spo\u0142eczn\u0105 i [&hellip;]<\/p>\n","protected":false},"author":6,"featured_media":0,"parent":0,"menu_order":0,"comment_status":"closed","ping_status":"closed","template":"","meta":{"footnotes":""},"class_list":["post-3135","page","type-page","status-publish","hentry"],"yoast_head":"<!-- This site is optimized with the Yoast SEO plugin v27.5 - https:\/\/yoast.com\/product\/yoast-seo-wordpress\/ -->\n<title>Przewodnik Etyczny - Portal mechaniczny - samochody, nowo\u015bci, mechanika pojazdowa<\/title>\n<meta name=\"robots\" content=\"noindex, nofollow\" \/>\n<meta property=\"og:locale\" content=\"pl_PL\" \/>\n<meta property=\"og:type\" content=\"article\" \/>\n<meta property=\"og:title\" content=\"Przewodnik Etyczny - Portal mechaniczny - samochody, nowo\u015bci, mechanika pojazdowa\" \/>\n<meta property=\"og:description\" content=\"Na Forum-Mechanicznym, d\u0105\u017cymy do utrzymania \u015brodowiska, w kt\u00f3rym zaufanie i uczciwo\u015b\u0107 le\u017c\u0105 u podstaw naszej kultury korporacyjnej. 1. Deklaracja Misji Niniejszy kodeks jest wyrazem naszej nieugi\u0119tej determinacji do post\u0119powania zgodnie z najwy\u017cszymi standardami etycznymi oraz naszej misji do bycia transparentnymi w ka\u017cdym aspekcie naszej dzia\u0142alno\u015bci. 2. Zasady Podstawowe Potwierdzamy swoje zaanga\u017cowanie w odpowiedzialno\u015b\u0107 spo\u0142eczn\u0105 i [&hellip;]\" \/>\n<meta property=\"og:url\" content=\"https:\/\/forum-mechaniczne.pl\/portal\/przewodnik-etyczny\/\" \/>\n<meta property=\"og:site_name\" content=\"Portal mechaniczny - samochody, nowo\u015bci, mechanika pojazdowa\" \/>\n<meta property=\"article:modified_time\" content=\"2024-04-16T08:49:59+00:00\" \/>\n<meta name=\"twitter:card\" content=\"summary_large_image\" \/>\n<meta name=\"twitter:label1\" content=\"Szacowany czas czytania\" \/>\n\t<meta name=\"twitter:data1\" content=\"1 minuta\" \/>\n<script type=\"application\/ld+json\" class=\"yoast-schema-graph\">{\"@context\":\"https:\\\/\\\/schema.org\",\"@graph\":[{\"@type\":\"WebPage\",\"@id\":\"https:\\\/\\\/forum-mechaniczne.pl\\\/portal\\\/przewodnik-etyczny\\\/\",\"url\":\"https:\\\/\\\/forum-mechaniczne.pl\\\/portal\\\/przewodnik-etyczny\\\/\",\"name\":\"Przewodnik Etyczny - Portal mechaniczny - samochody, nowo\u015bci, mechanika pojazdowa\",\"isPartOf\":{\"@id\":\"https:\\\/\\\/forum-mechaniczne.pl\\\/portal\\\/#website\"},\"datePublished\":\"2024-04-16T08:49:58+00:00\",\"dateModified\":\"2024-04-16T08:49:59+00:00\",\"inLanguage\":\"pl-PL\",\"potentialAction\":[{\"@type\":\"ReadAction\",\"target\":[\"https:\\\/\\\/forum-mechaniczne.pl\\\/portal\\\/przewodnik-etyczny\\\/\"]}]},{\"@type\":\"WebSite\",\"@id\":\"https:\\\/\\\/forum-mechaniczne.pl\\\/portal\\\/#website\",\"url\":\"https:\\\/\\\/forum-mechaniczne.pl\\\/portal\\\/\",\"name\":\"Portal mechaniczny - samochody, nowo\u015bci, mechanika pojazdowa\",\"description\":\"Serdecznie zaprsazamy na nasz portal po\u015bwi\u0119cony mechanice samochodowej oraz motoryzacji i nasze forum: forum-mechaniczne.pl\",\"potentialAction\":[{\"@type\":\"SearchAction\",\"target\":{\"@type\":\"EntryPoint\",\"urlTemplate\":\"https:\\\/\\\/forum-mechaniczne.pl\\\/portal\\\/?s={search_term_string}\"},\"query-input\":{\"@type\":\"PropertyValueSpecification\",\"valueRequired\":true,\"valueName\":\"search_term_string\"}}],\"inLanguage\":\"pl-PL\"}]}<\/script>\n<!-- \/ Yoast SEO plugin. -->","yoast_head_json":{"title":"Przewodnik Etyczny - Portal mechaniczny - samochody, nowo\u015bci, mechanika pojazdowa","robots":{"index":"noindex","follow":"nofollow"},"og_locale":"pl_PL","og_type":"article","og_title":"Przewodnik Etyczny - Portal mechaniczny - samochody, nowo\u015bci, mechanika pojazdowa","og_description":"Na Forum-Mechanicznym, d\u0105\u017cymy do utrzymania \u015brodowiska, w kt\u00f3rym zaufanie i uczciwo\u015b\u0107 le\u017c\u0105 u podstaw naszej kultury korporacyjnej. 1. Deklaracja Misji Niniejszy kodeks jest wyrazem naszej nieugi\u0119tej determinacji do post\u0119powania zgodnie z najwy\u017cszymi standardami etycznymi oraz naszej misji do bycia transparentnymi w ka\u017cdym aspekcie naszej dzia\u0142alno\u015bci. 2. Zasady Podstawowe Potwierdzamy swoje zaanga\u017cowanie w odpowiedzialno\u015b\u0107 spo\u0142eczn\u0105 i [&hellip;]","og_url":"https:\/\/forum-mechaniczne.pl\/portal\/przewodnik-etyczny\/","og_site_name":"Portal mechaniczny - samochody, nowo\u015bci, mechanika pojazdowa","article_modified_time":"2024-04-16T08:49:59+00:00","twitter_card":"summary_large_image","twitter_misc":{"Szacowany czas czytania":"1 minuta"},"schema":{"@context":"https:\/\/schema.org","@graph":[{"@type":"WebPage","@id":"https:\/\/forum-mechaniczne.pl\/portal\/przewodnik-etyczny\/","url":"https:\/\/forum-mechaniczne.pl\/portal\/przewodnik-etyczny\/","name":"Przewodnik Etyczny - Portal mechaniczny - samochody, nowo\u015bci, mechanika pojazdowa","isPartOf":{"@id":"https:\/\/forum-mechaniczne.pl\/portal\/#website"},"datePublished":"2024-04-16T08:49:58+00:00","dateModified":"2024-04-16T08:49:59+00:00","inLanguage":"pl-PL","potentialAction":[{"@type":"ReadAction","target":["https:\/\/forum-mechaniczne.pl\/portal\/przewodnik-etyczny\/"]}]},{"@type":"WebSite","@id":"https:\/\/forum-mechaniczne.pl\/portal\/#website","url":"https:\/\/forum-mechaniczne.pl\/portal\/","name":"Portal mechaniczny - samochody, nowo\u015bci, mechanika pojazdowa","description":"Serdecznie zaprsazamy na nasz portal po\u015bwi\u0119cony mechanice samochodowej oraz motoryzacji i nasze forum: forum-mechaniczne.pl","potentialAction":[{"@type":"SearchAction","target":{"@type":"EntryPoint","urlTemplate":"https:\/\/forum-mechaniczne.pl\/portal\/?s={search_term_string}"},"query-input":{"@type":"PropertyValueSpecification","valueRequired":true,"valueName":"search_term_string"}}],"inLanguage":"pl-PL"}]}},"_links":{"self":[{"href":"https:\/\/forum-mechaniczne.pl\/portal\/wp-json\/wp\/v2\/pages\/3135","targetHints":{"allow":["GET"]}}],"collection":[{"href":"https:\/\/forum-mechaniczne.pl\/portal\/wp-json\/wp\/v2\/pages"}],"about":[{"href":"https:\/\/forum-mechaniczne.pl\/portal\/wp-json\/wp\/v2\/types\/page"}],"author":[{"embeddable":true,"href":"https:\/\/forum-mechaniczne.pl\/portal\/wp-json\/wp\/v2\/users\/6"}],"replies":[{"embeddable":true,"href":"https:\/\/forum-mechaniczne.pl\/portal\/wp-json\/wp\/v2\/comments?post=3135"}],"version-history":[{"count":1,"href":"https:\/\/forum-mechaniczne.pl\/portal\/wp-json\/wp\/v2\/pages\/3135\/revisions"}],"predecessor-version":[{"id":3136,"href":"https:\/\/forum-mechaniczne.pl\/portal\/wp-json\/wp\/v2\/pages\/3135\/revisions\/3136"}],"wp:attachment":[{"href":"https:\/\/forum-mechaniczne.pl\/portal\/wp-json\/wp\/v2\/media?parent=3135"}],"curies":[{"name":"wp","href":"https:\/\/api.w.org\/{rel}","templated":true}]}}